{"id":243,"date":"2023-02-14T16:02:42","date_gmt":"2023-02-14T15:02:42","guid":{"rendered":"http:\/\/js-tax.eu\/?page_id=243"},"modified":"2025-02-05T09:51:40","modified_gmt":"2025-02-05T08:51:40","slug":"impressum","status":"publish","type":"page","link":"https:\/\/js-tax.eu\/zh\/impressum\/","title":{"rendered":"Impressum"},"content":{"rendered":"<div class=\"wp-block-cover alignfull is-light has-parallax gutenify-section-05c68780-2c65-11ee-960d-2511e36e7814 gtfy-4\" style=\"min-height:428px;aspect-ratio:unset;\"><span aria-hidden=\"true\" class=\"wp-block-cover__background has-foreground-background-color has-background-dim-40 has-background-dim\"><\/span><div class=\"wp-block-cover__image-background wp-image-257 has-parallax\" style=\"background-position:50% 50%;background-image:url(http:\/\/js-tax.eu\/wp-content\/uploads\/2023\/02\/\u9996\u9875-scaled.jpg)\"><\/div><div class=\"wp-block-cover__inner-container is-layout-flow wp-block-cover-is-layout-flow\">\n<div class=\"wp-block-group alignwide gutenify-section-05c66070-2c65-11ee-960d-2511e36e7814 is-layout-constrained wp-block-group-is-layout-constrained gtfy-3\">\n<div class=\"wp-block-group alignwide gutenify-section-05c61250-2c65-11ee-960d-2511e36e7814 has-content-heading-font-size is-content-justification-center is-layout-flex wp-container-core-group-is-layout-1 wp-block-group-is-layout-flex gtfy-2\"><h2 class=\"wp-block-post-title has-text-color has-background-color gtfy-1\">Impressum<\/h2><\/div>\n<\/div>\n<\/div><\/div>\n\n\n\n<p class=\"gutenify-section-05c6d5a0-2c65-11ee-960d-2511e36e7814 gtfy-7\"><\/p>\n\n\n<h2 class=\"gtfy-8 gtfy-9\"><span style=\"color: #808080;\">JS Accounting &amp; <\/span><span style=\"color: #808080;\">Consulting <\/span><span style=\"color: #808080;\">GmbH<\/span><\/h2>\n<h6><span style=\"color: #808080;\">Gesch\u00e4ftsf\u00fchrer: Dongjie Wang<\/span><\/h6>\n<h6><span style=\"color: #808080;\">Prokurist: Dr. jur. Sheng Li LLM.<\/span><\/h6>\n<p><span style=\"color: #808080;\">Lampestra\u00dfe 2, 04107 Leipzig<\/span><\/p>\n<p><span style=\"color: #808080;\">Finanzamt Leipzig II<\/span><br \/><span style=\"color: #808080;\">Steuernummer: 231\/1110 0543<\/span><\/p>\n<p><span style=\"color: #808080;\">Gerichtsstand:<\/span><br \/><span style=\"color: #808080;\">Amtsgericht Leipzig<\/span><\/p>\n<p><span style=\"color: #808080;\">Handelsregisternummer:<\/span><br \/><span style=\"color: #808080;\">HRB 43563<\/span><\/p>\n<p><span style=\"color: #808080;\">Tel.: 0341\/ 3588 1250<\/span><br \/><span style=\"color: #808080;\">\u90ae\u7bb1\uff1ainfo@js-tax.eu<\/span><\/p>\n\n\n<p class=\"gutenify-section-05c6fcb0-2c65-11ee-960d-2511e36e7814 gtfy-10\"><strong>1. Inhalt des Onlineangebotes<\/strong><strong><\/strong><\/p>\n\n\n\n<p class=\"gutenify-section-05c723c0-2c65-11ee-960d-2511e36e7814 gtfy-13\">Der Autor \u00fcbernimmt keinerlei Gew\u00e4hr f\u00fcr die Aktualit\u00e4t, Korrektheit, Vollst\u00e4ndigkeit oder Qualit\u00e4t der bereitgestellten Informationen. Haftungsanspr\u00fcche gegen den Autor, welche sich auf Sch\u00e4den materieller oder ideeller Art beziehen, die durch die Nutzung oder Nichtnutzung der dargebotenen Informationen bzw. durch die Nutzung fehlerhafter und unvollst\u00e4ndiger Informationen verursacht wurden, sind grunds\u00e4tzlich ausgeschlossen, sofern seitens des Autors kein nachweislich vors\u00e4tzliches oder grob fahrl\u00e4ssiges Verschulden vorliegt. Alle Angebote sind freibleibend und unverbindlich. Der Autor beh\u00e4lt es sich ausdr\u00fccklich vor, Teile der Seiten oder das gesamte Angebot ohne gesonderte Ank\u00fcndigung zu ver\u00e4ndern, zu erg\u00e4nzen, zu l\u00f6schen oder die Ver\u00f6ffentlichung zeitweise oder endg\u00fcltig einzustellen.<\/p>\n\n\n\n<p class=\"gutenify-section-05c74ad0-2c65-11ee-960d-2511e36e7814 gtfy-16\"><strong>2. Verweise und Links<\/strong><strong><\/strong><\/p>\n\n\n\n<p class=\"gutenify-section-05c798f0-2c65-11ee-960d-2511e36e7814 gtfy-19\">Bei direkten oder indirekten Verweisen auf fremde Webseiten (\u201eHyperlinks\u201c), die au\u00dferhalb des Verantwortungsbereiches des Autors liegen, w\u00fcrde eine Haftungsverpflichtung ausschlie\u00dflich in dem Fall in Kraft treten, in dem der Autor von den Inhalten Kenntnis hat und es ihm technisch m\u00f6glich und zumutbar w\u00e4re, die Nutzung im Falle rechtswidriger Inhalte zu verhindern. Der Autor erkl\u00e4rt hiermit ausdr\u00fccklich, dass zum Zeitpunkt der Linksetzung keine illegalen Inhalte auf den zu verlinkenden Seiten erkennbar waren. Auf die aktuelle und zuk\u00fcnftige Gestaltung, die Inhalte oder die Urheberschaft der verlinkten\/verkn\u00fcpften Seiten hat der Autor keinerlei Einfluss. Deshalb distanziert er sich hiermit ausdr\u00fccklich von allen Inhalten aller verlinkten \/verkn\u00fcpften Seiten, die nach der Linksetzung ver\u00e4ndert wurden. Diese Feststellung gilt f\u00fcr alle innerhalb des eigenen Internetangebotes gesetzten Links und Verweise sowie f\u00fcr Fremdeintr\u00e4ge in vom Autor eingerichteten G\u00e4steb\u00fcchern, Diskussionsforen, Linkverzeichnissen, Mailinglisten und in allen anderen Formen von Datenbanken, auf deren Inhalt externe Schreibzugriffe m\u00f6glich sind.<\/p>\n\n\n\n<p class=\"gutenify-section-05c7c000-2c65-11ee-960d-2511e36e7814 gtfy-22\"><strong>3. Urheber- und Kennzeichenrecht<\/strong><strong><\/strong><\/p>\n\n\n\n<p class=\"gutenify-section-05c80e20-2c65-11ee-960d-2511e36e7814 gtfy-25\">Der Autor ist bestrebt, in allen Publikationen die Urheberrechte der verwendeten Bilder, Grafiken, Tondokumente, Videosequenzen und Texte zu beachten, von ihm selbst erstellte Bilder, Grafiken, Tondokumente, Videosequenzen und Texte zu nutzen oder auf lizenzfreie Grafiken, Tondokumente, Videosequenzen und Texte zur\u00fcckzugreifen. Alle innerhalb des Internetangebotes genannten und ggf. durch Dritte gesch\u00fctzten Marken- und Warenzeichen unterliegen uneingeschr\u00e4nkt den Bestimmungen des jeweils g\u00fcltigen Kennzeichenrechts und den Besitzrechten der jeweiligen eingetragenen Eigent\u00fcmer. Allein aufgrund der blo\u00dfen Nennung ist nicht der Schluss zu ziehen, dass Markenzeichen nicht durch Rechte Dritter gesch\u00fctzt sind! Das Copyright f\u00fcr ver\u00f6ffentlichte, vom Autor selbst erstellte Objekte bleibt allein beim Autor der Seiten. Eine Vervielf\u00e4ltigung oder Verwendung solcher Grafiken, Tondokumente, Videosequenzen und Texte in anderen elektronischen oder gedruckten Publikationen ist ohne ausdr\u00fcckliche Zustimmung des Autors nicht gestattet.<\/p>\n\n\n\n<p class=\"gutenify-section-05c83530-2c65-11ee-960d-2511e36e7814 gtfy-28\"><strong>4. Datenschutz<\/strong><strong><\/strong><\/p>\n\n\n\n<p class=\"gutenify-section-05c85c40-2c65-11ee-960d-2511e36e7814 gtfy-31\">Sofern innerhalb des Internetangebotes die M\u00f6glichkeit zur Eingabe pers\u00f6nlicher oder gesch\u00e4ftlicher Daten (Emailadressen, Namen, Anschriften) besteht, so erfolgt die Preisgabe dieser Daten seitens des Nutzers auf ausdr\u00fccklich freiwilliger Basis. Die Inanspruchnahme und Bezahlung aller angebotenen Dienste sind \u2013 soweit technisch m\u00f6glich und zumutbar \u2013 auch ohne Angabe solcher Daten bzw. unter Angabe anonymisierter Daten oder eines Pseudonyms gestattet. Die Nutzung der im Rahmen des Impressums oder vergleichbarer Angaben ver\u00f6ffentlichten Kontaktdaten wie Postanschriften, Telefon- und Faxnummern sowie Emailadressen durch Dritte zur \u00dcbersendung von nicht ausdr\u00fccklich angeforderten Informationen ist nicht gestattet. Rechtliche Schritte gegen die Versender von sogenannten Spam-Mails bei Verst\u00f6ssen gegen dieses Verbot sind ausdr\u00fccklich vorbehalten.<\/p>\n\n\n\n<p class=\"gutenify-section-05c88350-2c65-11ee-960d-2511e36e7814 gtfy-34\">EU DSGVO ab 25.05.2018 erg\u00e4nzender Datenschutz<\/p>\n\n\n\n<p class=\"gutenify-section-05c8aa60-2c65-11ee-960d-2511e36e7814 gtfy-37\"><strong>5. Rechtswirksamkeit dieses Haftungsausschlusses<\/strong><strong><\/strong><\/p>\n\n\n\n<p class=\"gutenify-section-05c8d170-2c65-11ee-960d-2511e36e7814 gtfy-40\">Dieser Haftungsausschluss ist als Teil des Internetangebotes zu betrachten, von dem aus auf diese Seite verwiesen wurde. Sofern Teile oder einzelne Formulierungen dieses Textes der geltenden Rechtslage nicht, nicht mehr oder nicht vollst\u00e4ndig entsprechen sollten, bleiben die \u00fcbrigen Teile des Dokumentes in ihrem Inhalt und ihrer G\u00fcltigkeit davon unber\u00fchrt.<\/p>\n\n\n\n<p class=\"gutenify-section-05c8d171-2c65-11ee-960d-2511e36e7814 gtfy-43\"><strong>6. Streitschlichtung<\/strong><strong><\/strong><\/p>\n\n\n\n<p class=\"gutenify-section-05c8f880-2c65-11ee-960d-2511e36e7814 gtfy-46\">Die Europ\u00e4ische Kommission stellt eine Plattform zur Online-Streitbeilegung (OS) bereit: http:\/\/ec.europa.eu\/consumers\/odr<\/p>\n\n\n\n<p class=\"gutenify-section-05c91f90-2c65-11ee-960d-2511e36e7814 gtfy-49\">Wir sind nicht bereit oder verpflichtet, an Streitbeilegungsverfahren vor einer Verbraucherschlichtungsstelle teilzunehmen.<\/p>\n\n\n\n<p class=\"gtfy-52\"><\/p>","protected":false},"excerpt":{"rendered":"<p>JS Accounting &amp; Consulting GmbH Gesch\u00e4ftsf\u00fchrer: Dongjie Wang Prokurist: Dr. jur. Sheng Li LLM. Lampestra\u00dfe [&hellip;]<\/p>\n","protected":false},"author":1,"featured_media":0,"parent":0,"menu_order":0,"comment_status":"closed","ping_status":"closed","template":"page-no-title","meta":{"_eb_attr":"","footnotes":""},"class_list":["post-243","page","type-page","status-publish","hentry"],"jetpack_sharing_enabled":true,"amp_enabled":false,"_links":{"self":[{"href":"https:\/\/js-tax.eu\/zh\/wp-json\/wp\/v2\/pages\/243","targetHints":{"allow":["GET"]}}],"collection":[{"href":"https:\/\/js-tax.eu\/zh\/wp-json\/wp\/v2\/pages"}],"about":[{"href":"https:\/\/js-tax.eu\/zh\/wp-json\/wp\/v2\/types\/page"}],"author":[{"embeddable":true,"href":"https:\/\/js-tax.eu\/zh\/wp-json\/wp\/v2\/users\/1"}],"replies":[{"embeddable":true,"href":"https:\/\/js-tax.eu\/zh\/wp-json\/wp\/v2\/comments?post=243"}],"version-history":[{"count":17,"href":"https:\/\/js-tax.eu\/zh\/wp-json\/wp\/v2\/pages\/243\/revisions"}],"predecessor-version":[{"id":727,"href":"https:\/\/js-tax.eu\/zh\/wp-json\/wp\/v2\/pages\/243\/revisions\/727"}],"wp:attachment":[{"href":"https:\/\/js-tax.eu\/zh\/wp-json\/wp\/v2\/media?parent=243"}],"curies":[{"name":"wp","href":"https:\/\/api.w.org\/{rel}","templated":true}]}}